{"id":42,"date":"2013-03-18T21:40:30","date_gmt":"2013-03-18T20:40:30","guid":{"rendered":"http:\/\/www.dorpenwijk.nl\/waarder\/?page_id=42"},"modified":"2025-12-19T15:35:01","modified_gmt":"2025-12-19T14:35:01","slug":"ons-team","status":"publish","type":"page","link":"https:\/\/www.dorpenwijk.nl\/reeuwijk-dorp\/ons-team\/","title":{"rendered":"Het dorpsteam"},"content":{"rendered":"<p><strong>Welkom op de website van het dorpsteam Reeuwijk-Dorp.<br \/>\n<\/strong><strong>We werken samen aan de leefbaarheid.<\/strong> Heeft u idee\u00ebn voor een verbetering in uw dorp en wilt u hierover van gedachten wisselen? Laat het hier weten. Het dorpsteam staat voor u klaar.<\/p>\n<p style=\"text-align: justify;\">Ons dorpsteam bestaat uit:<\/p>\n<p><img loading=\"lazy\" decoding=\"async\" class=\"alignleft wp-image-6276\" style=\"border: 1px solid black; margin-top: 2px; margin-bottom: 2px;\" src=\"https:\/\/www.dorpenwijk.nl\/reeuwijk-dorp\/wp-content\/uploads\/2025\/12\/Maria-2.jpg\" alt=\"Maria Dorresteijn \/ voorzitter\" width=\"76\" height=\"76\" \/><strong>Maria Dorresteijn<\/strong><br \/>\nBestuur \/ Voorzitter<br \/>\nThemawerkgroep n.t.b.<br \/>\n<a href=\"mailto:maria@dorpsteamreeuwijkdorp.nl\">maria@dorpsteamreeuwijkdorp.nl<\/a><\/p>\n<p><img loading=\"lazy\" decoding=\"async\" class=\"alignleft wp-image-6276\" style=\"border: 1px solid black; margin-top: 2px; margin-bottom: 2px;\" src=\"https:\/\/www.dorpenwijk.nl\/reeuwijk-dorp\/wp-content\/uploads\/2025\/12\/Aad-2.jpg\" alt=\"Aad Hendriks \/ voorzitter\" width=\"76\" height=\"76\" \/><strong>Aad Hendriks<\/strong><br \/>\nBestuur \/ Vicevoorzitter \/ Penningmeester a.i.<br \/>\nThemawerkgroep Duurzaamheid<br \/>\n<a href=\"mailto:aad@dorpsteamreeuwijkdorp.nl\">aad@dorpsteamreeuwijkdorp.nl<\/a><\/p>\n<p><img loading=\"lazy\" decoding=\"async\" class=\"alignleft wp-image-368\" style=\"border: 1px solid black; margin-top: 2px; margin-bottom: 2px;\" src=\"https:\/\/www.dorpenwijk.nl\/reeuwijk-dorp\/wp-content\/uploads\/2013\/03\/Anton.jpg\" alt=\"Anton\" width=\"76\" height=\"76\" srcset=\"https:\/\/www.dorpenwijk.nl\/reeuwijk-dorp\/wp-content\/uploads\/2013\/03\/Anton.jpg 200w, https:\/\/www.dorpenwijk.nl\/reeuwijk-dorp\/wp-content\/uploads\/2013\/03\/Anton-158x158.jpg 158w\" sizes=\"(max-width: 76px) 100vw, 76px\" \/><strong>Anton de Wit<\/strong><br \/>\nBestuur \/ Secretaris<br \/>\nThemawerkgroep Duurzaamheid, Verkeer en Wonen<br \/>\n<a href=\"mailto:anton@dorpsteamreeuwijkdorp.nl\">anton@dorpsteamreeuwijkdorp.nl<\/a><\/p>\n<p><img loading=\"lazy\" decoding=\"async\" class=\"alignleft wp-image-555\" style=\"border: 1px solid black; margin-top: 2px; margin-bottom: 2px;\" src=\"https:\/\/www.dorpenwijk.nl\/reeuwijk-dorp\/wp-content\/uploads\/2013\/03\/mirelle.jpg\" alt=\"mirelle\" width=\"76\" height=\"76\" srcset=\"https:\/\/www.dorpenwijk.nl\/reeuwijk-dorp\/wp-content\/uploads\/2013\/03\/mirelle.jpg 200w, https:\/\/www.dorpenwijk.nl\/reeuwijk-dorp\/wp-content\/uploads\/2013\/03\/mirelle-158x158.jpg 158w\" sizes=\"(max-width: 76px) 100vw, 76px\" \/><strong>Mirelle Vermeulen<\/strong><br \/>\nAlgemeen lid<br \/>\nThemawerkgroep Wonen<br \/>\n<a href=\"mailto:mirelle@dorpsteamreeuwijkdorp.nl\">mirelle@dorpsteamreeuwijkdorp.nl<\/a><\/p>\n<p><img loading=\"lazy\" decoding=\"async\" class=\"alignleft size-full wp-image-414\" style=\"border: 1px solid black; margin-top: 2px; margin-bottom: 2px;\" src=\"https:\/\/www.dorpenwijk.nl\/reeuwijk-dorp\/wp-content\/uploads\/2013\/03\/Dirk.jpg\" alt=\"Dirk\" width=\"76\" height=\"76\" srcset=\"https:\/\/www.dorpenwijk.nl\/reeuwijk-dorp\/wp-content\/uploads\/2013\/03\/Dirk.jpg 200w, https:\/\/www.dorpenwijk.nl\/reeuwijk-dorp\/wp-content\/uploads\/2013\/03\/Dirk-158x158.jpg 158w\" sizes=\"(max-width: 76px) 100vw, 76px\" \/><strong>Dirk Vergeer<\/strong><br \/>\nAlgemeen lid<br \/>\nThemawerkgroep n.t.b.<br \/>\n<a href=\"mailto:dirk@dorpsteamreeuwijkdorp.nl\">dirk@dorpsteamreeuwijkdorp.nl<\/a><\/p>\n<p><img loading=\"lazy\" decoding=\"async\" class=\"alignleft\" style=\"border: 1px solid black; margin-top: 2px; margin-bottom: 2px;\" src=\"https:\/\/www.dorpenwijk.nl\/reeuwijk-dorp\/wp-content\/uploads\/2013\/03\/peter.jpg\" alt=\"peter\" width=\"76\" height=\"76\" \/><strong>Peter Spruit<\/strong><br \/>\nAlgemeen lid<br \/>\nThemawerkgroep Verkeer<br \/>\n<a href=\"mailto:peter@dorpsteamreeuwijkdorp.nl\">peter@dorpsteamreeuwijkdorp.nl<\/a><\/p>\n<p><img loading=\"lazy\" decoding=\"async\" class=\"alignleft wp-image-714\" style=\"border: 1px solid black; margin-top: 2px; margin-bottom: 2px;\" src=\"https:\/\/www.dorpenwijk.nl\/reeuwijk-dorp\/wp-content\/uploads\/2013\/03\/Ibolya2.jpg\" alt=\"Ibolya\" width=\"76\" height=\"76\" srcset=\"https:\/\/www.dorpenwijk.nl\/reeuwijk-dorp\/wp-content\/uploads\/2013\/03\/Ibolya2.jpg 200w, https:\/\/www.dorpenwijk.nl\/reeuwijk-dorp\/wp-content\/uploads\/2013\/03\/Ibolya2-158x158.jpg 158w\" sizes=\"(max-width: 76px) 100vw, 76px\" \/><strong>Ibolya Spierdijk<\/strong><br \/>\nBestuur<br \/>\nThemawerkgroep Communicatie en Openbare Bijeenkomst<br \/>\n<a href=\"mailto:ibolya@dorpsteamreeuwijkdorp.nl\">ibolya@dorpsteamreeuwijkdorp.nl<\/a><\/p>\n<p><img loading=\"lazy\" decoding=\"async\" class=\"alignleft wp-image-714\" style=\"border: 1px solid black; margin-top: 2px; margin-bottom: 2px;\" src=\"https:\/\/www.dorpenwijk.nl\/reeuwijk-dorp\/wp-content\/uploads\/2020\/01\/Inge-Neefs.jpg\" alt=\"Inge\" width=\"76\" height=\"76\" \/><strong>Inge Neeft<\/strong><br \/>\nAlgemeen lid<br \/>\nThemawerkgroep Samenleven en Openbare Bijeenkomst<br \/>\n<a href=\"mailto:inge@dorpsteamreeuwijkdorp.nl\">inge@dorpsteamreeuwijkdorp.nl<\/a><\/p>\n<p><img loading=\"lazy\" decoding=\"async\" class=\"alignleft wp-image-553\" style=\"border: 1px solid black; margin-top: 2px; margin-bottom: 2px;\" src=\"https:\/\/www.dorpenwijk.nl\/reeuwijk-dorp\/wp-content\/uploads\/2013\/03\/kees.jpg\" alt=\"kees\" width=\"76\" height=\"76\" srcset=\"https:\/\/www.dorpenwijk.nl\/reeuwijk-dorp\/wp-content\/uploads\/2013\/03\/kees.jpg 200w, https:\/\/www.dorpenwijk.nl\/reeuwijk-dorp\/wp-content\/uploads\/2013\/03\/kees-158x158.jpg 158w\" sizes=\"(max-width: 76px) 100vw, 76px\" \/><strong>Kees Leurdijk<\/strong><br \/>\nAlgemeen lid<br \/>\nThemawerkgroep n.t.b.<br \/>\n<a href=\"mailto:kees@dorpsteamreeuwijkdorp.nl\">kees@dorpsteamreeuwijkdorp.nl<\/a><\/p>\n<p><img loading=\"lazy\" decoding=\"async\" class=\"alignleft wp-image-717\" style=\"border: 1px solid black; margin-top: 2px; margin-bottom: 2px;\" src=\"https:\/\/www.dorpenwijk.nl\/reeuwijk-dorp\/wp-content\/uploads\/2013\/03\/Maurice2.jpg\" alt=\"Maurice\" width=\"76\" height=\"76\" srcset=\"https:\/\/www.dorpenwijk.nl\/reeuwijk-dorp\/wp-content\/uploads\/2013\/03\/Maurice2.jpg 200w, https:\/\/www.dorpenwijk.nl\/reeuwijk-dorp\/wp-content\/uploads\/2013\/03\/Maurice2-158x158.jpg 158w\" sizes=\"(max-width: 76px) 100vw, 76px\" \/><strong>Maurice Roumimper<\/strong><br \/>\nWebmaster<br \/>\nThemawerkgroep Communicatie<br \/>\n<a href=\"mailto:maurice@dorpsteamreeuwijkdorp.nl\">maurice@dorpsteamreeuwijkdorp.nl<\/a><\/p>\n<p><img loading=\"lazy\" decoding=\"async\" class=\"alignleft\" style=\"border: 1px solid black; margin-top: 2px; margin-bottom: 2px;\" src=\"https:\/\/www.dorpenwijk.nl\/reeuwijk-dorp\/wp-content\/uploads\/2025\/12\/Foto-Gulsen-2.jpg\" alt=\"image\" width=\"76\" height=\"76\" \/><strong>G\u00fclsen Co\u015far-B\u00fcy\u00fck<\/strong><br \/>\nAlgemeen lid<br \/>\nThemawerkgroep Samenleven<br \/>\n<a href=\"mailto:gulsen@dorpsteamreeuwijkdorp.nl\">gulsen@dorpsteamreeuwijkdorp.nl<\/a><\/p>\n<p><img loading=\"lazy\" decoding=\"async\" class=\"alignleft\" style=\"border: 1px solid black; margin-top: 2px; margin-bottom: 2px;\" src=\"https:\/\/www.dorpenwijk.nl\/reeuwijk-dorp\/wp-content\/uploads\/2021\/03\/Foto-rene-groenendijk-3.jpg\" alt=\"image\" width=\"76\" height=\"76\" \/><strong>Ren\u00e9 Groenendijk<\/strong><br \/>\nAlgemeen lid<br \/>\nThemawerkgroep Groene Omgeving<br \/>\n<a href=\"mailto:reneg@dorpsteamreeuwijkdorp.nl\">reneg@dorpsteamreeuwijkdorp.nl<\/a><\/p>\n<p>Neem gerust contact met ons op. Wij zijn benieuwd naar wat u ons wilt vertellen.<\/p>\n<p>Met vriendelijke groeten Dorpsteam Reeuwijk-Dorp<\/p>\n<p>&nbsp;<\/p>\n","protected":false},"excerpt":{"rendered":"<p>Welkom op de website van het dorpsteam Reeuwijk-Dorp. We werken samen aan de leefbaarheid. Heeft u idee\u00ebn voor een verbetering in uw dorp en wilt u hierover van gedachten wisselen? &#8230; <\/p>\n<div><a href=\"https:\/\/www.dorpenwijk.nl\/reeuwijk-dorp\/ons-team\/\" class=\"more-link\">Lees meer<\/a><\/div>\n","protected":false},"author":1,"featured_media":0,"parent":0,"menu_order":3,"comment_status":"closed","ping_status":"closed","template":"","meta":{"footnotes":""},"simple-restrict-permission":[],"class_list":["post-42","page","type-page","status-publish","hentry","no-post-thumbnail"],"post_mailing_queue_ids":[],"_links":{"self":[{"href":"https:\/\/www.dorpenwijk.nl\/reeuwijk-dorp\/wp-json\/wp\/v2\/pages\/42"}],"collection":[{"href":"https:\/\/www.dorpenwijk.nl\/reeuwijk-dorp\/wp-json\/wp\/v2\/pages"}],"about":[{"href":"https:\/\/www.dorpenwijk.nl\/reeuwijk-dorp\/wp-json\/wp\/v2\/types\/page"}],"author":[{"embeddable":true,"href":"https:\/\/www.dorpenwijk.nl\/reeuwijk-dorp\/wp-json\/wp\/v2\/users\/1"}],"replies":[{"embeddable":true,"href":"https:\/\/www.dorpenwijk.nl\/reeuwijk-dorp\/wp-json\/wp\/v2\/comments?post=42"}],"version-history":[{"count":104,"href":"https:\/\/www.dorpenwijk.nl\/reeuwijk-dorp\/wp-json\/wp\/v2\/pages\/42\/revisions"}],"predecessor-version":[{"id":9109,"href":"https:\/\/www.dorpenwijk.nl\/reeuwijk-dorp\/wp-json\/wp\/v2\/pages\/42\/revisions\/9109"}],"wp:attachment":[{"href":"https:\/\/www.dorpenwijk.nl\/reeuwijk-dorp\/wp-json\/wp\/v2\/media?parent=42"}],"wp:term":[{"taxonomy":"simple-restrict-permission","embeddable":true,"href":"https:\/\/www.dorpenwijk.nl\/reeuwijk-dorp\/wp-json\/wp\/v2\/simple-restrict-permission?post=42"}],"curies":[{"name":"wp","href":"https:\/\/api.w.org\/{rel}","templated":true}]}}