{"id":56,"date":"2013-03-18T21:55:53","date_gmt":"2013-03-18T20:55:53","guid":{"rendered":"http:\/\/www.dorpenwijk.nl\/waarder\/?page_id=56"},"modified":"2020-02-05T10:23:54","modified_gmt":"2020-02-05T09:23:54","slug":"contact","status":"publish","type":"page","link":"https:\/\/www.dorpenwijk.nl\/driebruggen\/contact\/","title":{"rendered":"Contact"},"content":{"rendered":"<p>Heeft u verzoeken, vragen of idee\u00ebn neem dan contact met ons op via de <a href=\"mailto:driebruggen@dorpenwijk.nl\">mail<\/a>, het <a href=\"https:\/\/www.dorpenwijk.nl\/driebruggen\/vragen-klachten-en-suggesties\/\">contactformulier<\/a> of met \u00e9\u00e9n van de <a href=\"https:\/\/www.dorpenwijk.nl\/driebruggen\/ons-team\/\">dorpsteamleden<\/a>.<\/p>\n<p>Kleine problemen zoals een losliggende stoeptegel of vuil dat niet is opgehaald, moeten rechtstreeks worden doorgegeven aan <a href=\"https:\/\/secure.bodegraven-reeuwijk.nl\/simeform.php?simaction=&amp;pagid=1&amp;form=005318432ee45fdaa0b431f78361b8f4c4a20a7ec538d92a\">de gemeente<\/a>.<\/p>\n","protected":false},"excerpt":{"rendered":"<p>Heeft u verzoeken, vragen of idee\u00ebn neem dan contact met ons op via de mail, het contactformulier of met \u00e9\u00e9n van de dorpsteamleden. Kleine problemen zoals een losliggende stoeptegel of &#8230; <\/p>\n<div><a href=\"https:\/\/www.dorpenwijk.nl\/driebruggen\/contact\/\" class=\"more-link\">Lees meer<\/a><\/div>\n","protected":false},"author":1,"featured_media":0,"parent":0,"menu_order":99,"comment_status":"closed","ping_status":"closed","template":"","meta":{"jetpack_post_was_ever_published":false},"jetpack_shortlink":"https:\/\/wp.me\/P3j7qH-U","jetpack_sharing_enabled":false,"_links":{"self":[{"href":"https:\/\/www.dorpenwijk.nl\/driebruggen\/wp-json\/wp\/v2\/pages\/56"}],"collection":[{"href":"https:\/\/www.dorpenwijk.nl\/driebruggen\/wp-json\/wp\/v2\/pages"}],"about":[{"href":"https:\/\/www.dorpenwijk.nl\/driebruggen\/wp-json\/wp\/v2\/types\/page"}],"author":[{"embeddable":true,"href":"https:\/\/www.dorpenwijk.nl\/driebruggen\/wp-json\/wp\/v2\/users\/1"}],"replies":[{"embeddable":true,"href":"https:\/\/www.dorpenwijk.nl\/driebruggen\/wp-json\/wp\/v2\/comments?post=56"}],"version-history":[{"count":4,"href":"https:\/\/www.dorpenwijk.nl\/driebruggen\/wp-json\/wp\/v2\/pages\/56\/revisions"}],"predecessor-version":[{"id":1610,"href":"https:\/\/www.dorpenwijk.nl\/driebruggen\/wp-json\/wp\/v2\/pages\/56\/revisions\/1610"}],"wp:attachment":[{"href":"https:\/\/www.dorpenwijk.nl\/driebruggen\/wp-json\/wp\/v2\/media?parent=56"}],"curies":[{"name":"wp","href":"https:\/\/api.w.org\/{rel}","templated":true}]}}